{"id":427,"date":"2025-03-26T22:11:29","date_gmt":"2025-03-26T22:11:29","guid":{"rendered":"https:\/\/bassgroupseguros.es\/seguros-para-autonomos-pymes-y-empresas\/"},"modified":"2025-06-02T18:16:26","modified_gmt":"2025-06-02T18:16:26","slug":"seguros-para-autonomos-pymes-y-empresas","status":"publish","type":"page","link":"https:\/\/bassgroupseguros.es\/en\/servicios\/seguros-para-autonomos-pymes-y-empresas\/","title":{"rendered":"Para Empresas, Negocios y aut\u00f3nomos"},"content":{"rendered":"<section class=\"header_15_2\" id=\"\" style=\"background-image:url('https:\/\/bassgroupseguros.es\/wp-content\/uploads\/2025\/04\/adultos-inversionistas-scaled.jpg');\"\r\n    aria-label=\"Seguro m\u00e9dico para empresas y aut\u00f3nomos\" data-block-id=\"69e277d8df6dd69e277d8df6de\" data-block-name=\"acf\/header-15-2\" data-post-id=\"427\" data-stable-id=\"block_5ac42a5f12f07ee67bed9ec274f0e493\">\r\n    <div class=\"mask\"><\/div>\r\n    <div class=\"container\" data-aos=\"fade-up\">\r\n        <div class=\"row\">\r\n            <div class=\"col \">\r\n                                <h1 class=\"tamano2 color-2-headings-light\">Seguros de salud para Empresas, Negocios y aut\u00f3nomos<\/h1>\r\n                                            <\/div>\r\n        <\/div>\r\n    <\/div>\r\n<\/section>\r\n<style>\r\n    .header_15_2 .col {\r\n        max-width: 895px;\r\n    }\r\n\r\n    .header_15_2 .mask {\r\n        background: rgba(18, 18, 18, 0.50);\r\n        \/* background: rgba(255, 255, 255, 0.50); *\/\r\n        position: absolute;\r\n        top: 0;\r\n        left: 0;\r\n        width: 100%;\r\n        height: 100%;\r\n    }\r\n\r\n    .header_15_2 h1 {\r\n        padding-bottom: 25px;\r\n    }\r\n\r\n    .header_15_2 {\r\n        position: relative;\r\n        min-height: 500px;\r\n        background-position: center;\r\n        background-repeat: no-repeat;\r\n        background-size: cover;\r\n        padding: 150px 0;\r\n        display: flex;\r\n        align-items: center;\r\n        padding-top: 195px\r\n    }\r\n\r\n    .header_15_2-center {\r\n        text-align: center;\r\n        margin: 0 auto;\r\n    }\r\n\r\n    @media (max-width:992px) {\r\n        .header_15_2 {\r\n            padding: 100px 0;\r\n            min-height: auto;\r\n        }\r\n    }\r\n\r\n    @media (max-width:768px) {\r\n        .header_15_2 h1 {\r\n            line-height: var(--tamano3-line-height);\r\n        }\r\n\r\n        .header_15_2 {\r\n            padding: 180px 0 100px;\r\n        }\r\n    }\r\n<\/style>\r\n<section class=\"cta_curvy1_3_1_2 background-1-light\" id=\"\" data-block-id=\"69e277d8e758869e277d8e758a\" data-block-name=\"acf\/cta-curvy1-3-1-2\" data-post-id=\"427\" data-stable-id=\"block_f5e30abb4385207765dc9a47f96ecebb\">\r\n    <div class=\"container\">\r\n        <div class=\"row\">\r\n            <div class=\"col\">\r\n                <div class=\"inner background-1-dark\">\r\n                                        <div class=\"titulo\">\r\n                        <h2 class=\"tamano3 color-2-headings-light\">Seguros para todos<\/h2>\r\n                    <\/div>\r\n                                                            <div class=\"texto color-2-body-light tamano7\"><p>Brindamos seguros m\u00e9dicos para aut\u00f3nomos, pymes, cobertura m\u00e9dica para empresa y m\u00e1s.<\/p>\n<\/div>\r\n                                                                <div class=\"ctas\">\r\n                                                            <a href=\"https:\/\/wa.me\/+34656471021\" target=\"\" class=\"btn-round tamano-7-mediumcta color-boton-3-texto-normal color-boton-3-texto-hover color-boton-3-normal color-boton-3-hover\">\r\n    \r\n    <span>Cont\u00e1ctanos<\/span>\r\n<\/a>\r\n\r\n<style>\r\n    .btn-border-rounded {\r\n        border-radius: 12px !important;\r\n    }\r\n\r\n    .btn-border-square {\r\n        border-radius: 0 !important;\r\n    }\r\n\r\n    \/* Estilos de hover *\/\r\n    .btn-hover-hover1:hover {\r\n        filter: contrast(0.55);\r\n    }\r\n\r\n    .btn-hover-hover2:hover {\r\n        filter: sepia(2);\r\n    }\r\n\r\n    \/* Estilos del icono cuando existe *\/\r\n    a i {\r\n        margin-right: 8px;\r\n        font-size: 16px;\r\n    }\r\n\r\n    \/* Icono Lucide *\/\r\n    .btn-icon--lucide {\r\n        display: inline-flex;\r\n        align-items: center;\r\n        justify-content: center;\r\n        margin-right: 8px;\r\n    }\r\n\r\n    .btn-icon--lucide svg {\r\n        width: 16px;\r\n        height: 16px;\r\n        display: block;\r\n    }\r\n<\/style>\r\n                                                    <\/div>\r\n                                    <\/div>\r\n            <\/div>\r\n        <\/div>\r\n    <\/div>\r\n<\/section>\r\n<style>\r\n    .cta_curvy1_3_1_2 .inner {\r\n        display: flex;\r\n        gap: 30px;\r\n        border-radius: 30px;\r\n        align-items: center;\r\n        padding: 55px 150px;\r\n        justify-content: space-between;\r\n    }\r\n\r\n     .cta_curvy1_3_1_2 .titulo {\r\n        max-width: 430px;\r\n        width: 100%;\r\n    }\r\n\r\n    .cta_curvy1_3_1_2 .texto {\r\n        max-width: 660px;\r\n        text-align: left;\r\n        width: 100%;\r\n    }\r\n\r\n    .cta_curvy1_3_1_2 {\r\n        padding: 80px 0;\r\n        position: relative;\r\n    }\r\n\r\n    .cta_curvy1_3_1_2 .btn-round {\r\n        border-radius: 60px;\r\n        padding: 15px 30px;\r\n        display: inline-block;\r\n        text-align: center;\r\n        transition: all ease .3s;\r\n        text-decoration: none;\r\n        min-width: 278px;\r\n        display: flex;\r\n        align-items: center;\r\n        justify-content: center;\r\n    }\r\n\r\n    @media (max-width:1750px) {\r\n        .cta_curvy1_3_1_2 .texto {\r\n            max-width: 500px;\r\n        }\r\n    }\r\n\r\n    @media (max-width:1600px) {\r\n        .cta_curvy1_3_1_2 .inner {\r\n            padding-left: 50px;\r\n            padding-right: 50px;\r\n        }\r\n    }\r\n\r\n    @media (max-width:1400px) {\r\n        .cta_curvy1_3_1_2 .texto {\r\n            max-width: 100%;\r\n        }\r\n\r\n        .cta_curvy1_3_1_2 .titulo {\r\n            width: 100%;\r\n        }\r\n    }\r\n\r\n    @media (max-width:1200px) {\r\n        .cta_curvy1_3_1_2 .inner {\r\n            padding-left: 15px;\r\n            padding-right: 15px;\r\n        }\r\n    }\r\n\r\n    @media (max-width:992px) {\r\n        .cta_curvy1_3_1_2 .col .inner {\r\n            border-radius: 30px;\r\n            flex-direction: column;\r\n            align-items: center;\r\n            justify-content: center;\r\n        }\r\n\r\n         .cta_curvy1_3_1_2 .col .inner>* {\r\n            width: 100%;\r\n            max-width: 100%;\r\n            text-align: left;\r\n        }\r\n\r\n        .cta_curvy1_3_1_2 .inner {\r\n            padding: 33px 23px;\r\n        }\r\n\r\n        .cta_curvy1_3_1_2 .col .ctas {\r\n            display: flex;\r\n            align-items: center;\r\n            justify-content: start;\r\n        }\r\n\r\n        .cta_curvy1_3_1_2 .col {\r\n            flex-direction: column;\r\n            justify-content: center;\r\n            align-items: center;\r\n        }\r\n\r\n        .cta_curvy1_3_1_2 {\r\n            padding: 40px 0;\r\n        }\r\n\r\n        .cta_curvy1_3_1_2 .btn-round {\r\n            min-width: 240px\r\n        }\r\n\r\n        .cta_curvy1_3_1_2 .titulo h2 {\r\n            line-height: var(--tamano5-line-height);\r\n        }\r\n    }\r\n<\/style>\r\n<section class=\"services_16_1_2 background-1-dark\" id=\"\" data-block-id=\"69e277d8e94f569e277d8e94f6\" data-block-name=\"acf\/services-16-1-2\" data-post-id=\"427\" data-stable-id=\"block_2953c111887d20c949b0483cb37c30df\">\r\n    <div class=\"container\">\r\n        <div class=\"row\">\r\n            <div class=\"col\">\r\n                            <\/div>\r\n        <\/div>\r\n                            <div class=\"row row-servicios\">\r\n                <div class=\"col col-servicios\">\r\n\r\n                                    <\/div>\r\n            <\/div>\r\n            <\/div>\r\n<\/section>\r\n<style>\r\n    .services_16_1_2 .btn-round {\r\n        border-radius: 60px;\r\n        padding: 12px 25px;\r\n        display: inline-block;\r\n        margin-top: 15px;\r\n        min-width: 175px;\r\n        text-align: center;\r\n\r\n        text-decoration: none;\r\n    }\r\n\r\n    .services_16_1_2 .servicio-item h3 {\r\n        padding-bottom: 15px;\r\n    }\r\n\r\n    .services_16_1_2 .col-servicios {\r\n        display: flex;\r\n        gap: 30px;\r\n        flex-wrap: wrap;\r\n        row-gap: 30px;\r\n    }\r\n\r\n    .services_16_1_2 .servicio-item .mask {\r\n        position: absolute;\r\n        background: rgba(18, 18, 18, 0.50);\r\n        top: 0;\r\n        left: 0;\r\n        width: 100%;\r\n        height: 100%;\r\n        border-radius: 3px;\r\n    }\r\n\r\n    .services_16_1_2 .servicio-item {\r\n        text-decoration: none;\r\n        position: relative;\r\n        width: calc(50% - 15px);\r\n        padding: 50px 35px;\r\n        height: 515px;\r\n        display: flex;\r\n        flex-direction: column;\r\n        justify-content: end;\r\n    }\r\n\r\n    .services_16_1_2 .col-grande .servicio-item .meta {\r\n        max-width: 975px;\r\n        position: relative;\r\n    }\r\n\r\n    .services_16_1_2 .servicio-item .meta {\r\n        position: relative;\r\n    }\r\n\r\n    .services_16_1_2 .col-grande .servicio-item {\r\n        width: 100%;\r\n        margin-bottom: 30px;\r\n        padding: 50px 35px;\r\n        height: 515px;\r\n        display: flex;\r\n        flex-direction: column;\r\n        justify-content: end;\r\n    }\r\n\r\n    .services_16_1_2 .servicio-item {\r\n        border-radius: 3px;\r\n        background-position: center;\r\n        background-repeat: no-repeat;\r\n        background-size: cover;\r\n    }\r\n\r\n    .services_16_1_2 h2 {\r\n        padding-bottom: 30px;\r\n        max-width: 585px;\r\n        margin: 0 auto;\r\n        text-align: center;\r\n    }\r\n\r\n    .services_16_1_2 .texto-top {\r\n        padding-bottom: 60px;\r\n        max-width: 585px;\r\n        margin: 0 auto;\r\n        text-align: center;\r\n    }\r\n\r\n    .services_16_1_2 {\r\n        padding: 80px 150px;\r\n    }\r\n\r\n    @media (max-width:1750px) {\r\n        .services_16_1_2 {\r\n            padding: 80px 50px;\r\n        }\r\n    }\r\n\r\n    @media (max-width:1550px) {\r\n        .services_16_1_2 {\r\n            padding: 80px 0;\r\n        }\r\n    }\r\n\r\n    @media (max-width:1200px) {\r\n        .services_16_1_2 .servicio-item {\r\n            width: calc(50% - 15px);\r\n        }\r\n\r\n        .services_16_1_2 .col-grande .servicio-item,\r\n        .services_16_1_2 .servicio-item {\r\n            height: 415px;\r\n        }\r\n    }\r\n\r\n    @media (max-width:992px) {\r\n\r\n        .services_16_1_2 .col-grande .servicio-item,\r\n        .services_16_1_2 .servicio-item {\r\n            height: 375px;\r\n        }\r\n\r\n        .services_16_1_2 .col-servicios {\r\n            row-gap: 30px;\r\n        }\r\n\r\n        .services_16_1_2 h2 {\r\n            padding-bottom: 20px;\r\n        }\r\n\r\n        .services_16_1_2 .texto-top {\r\n            padding-bottom: 35px;\r\n        }\r\n\r\n        .services_16_1_2 {\r\n            padding: 40px 0;\r\n        }\r\n    }\r\n\r\n    @media (max-width:768px) {\r\n\r\n        .services_16_1_2 .servicio-item {\r\n            width: 100%;\r\n            min-height: 375px;\r\n            height: auto;\r\n        }\r\n    }\r\n<\/style>\r\n","protected":false},"excerpt":{"rendered":"","protected":false},"author":1,"featured_media":741,"parent":430,"menu_order":21,"comment_status":"open","ping_status":"closed","template":"","meta":{"_acf_changed":false,"iawp_total_views":1,"footnotes":""},"class_list":["post-427","page","type-page","status-publish","has-post-thumbnail","hentry"],"acf":[],"yoast_head":"<!-- This site is optimized with the Yoast SEO plugin v27.4 - https:\/\/yoast.com\/product\/yoast-seo-wordpress\/ -->\n<title>Seguros de Salud para Empresas y Aut\u00f3nomos | BASS GROUP<\/title>\n<meta name=\"description\" content=\"Descubre seguros m\u00e9dicos adaptados para aut\u00f3nomos, pymes y empresas. Protecci\u00f3n completa para tu negocio y equipo con BASS GROUP HISPANICA SL.\" \/>\n<meta name=\"robots\" content=\"index, follow, max-snippet:-1, max-image-preview:large, max-video-preview:-1\" \/>\n<link rel=\"canonical\" href=\"https:\/\/bassgroupseguros.es\/en\/servicios\/seguros-para-autonomos-pymes-y-empresas\/\" \/>\n<meta property=\"og:locale\" content=\"en_US\" \/>\n<meta property=\"og:type\" content=\"article\" \/>\n<meta property=\"og:title\" content=\"Seguros de Salud para Empresas y Aut\u00f3nomos | BASS GROUP\" \/>\n<meta property=\"og:description\" content=\"Descubre seguros m\u00e9dicos adaptados para aut\u00f3nomos, pymes y empresas. Protecci\u00f3n completa para tu negocio y equipo con BASS GROUP HISPANICA SL.\" \/>\n<meta property=\"og:url\" content=\"https:\/\/bassgroupseguros.es\/en\/servicios\/seguros-para-autonomos-pymes-y-empresas\/\" \/>\n<meta property=\"og:site_name\" content=\"Valent\u00edn Protecci\u00f3n Integral\" \/>\n<meta property=\"article:modified_time\" content=\"2025-06-02T18:16:26+00:00\" \/>\n<meta property=\"og:image\" content=\"https:\/\/bassgroupseguros.es\/wp-content\/uploads\/2025\/04\/adultos-inversionistas-scaled.jpg\" \/>\n\t<meta property=\"og:image:width\" content=\"2560\" \/>\n\t<meta property=\"og:image:height\" content=\"1708\" \/>\n\t<meta property=\"og:image:type\" content=\"image\/jpeg\" \/>\n<meta name=\"twitter:card\" content=\"summary_large_image\" \/>\n<!-- \/ Yoast SEO plugin. -->","yoast_head_json":{"title":"Seguros de Salud para Empresas y Aut\u00f3nomos | BASS GROUP","description":"Descubre seguros m\u00e9dicos adaptados para aut\u00f3nomos, pymes y empresas. Protecci\u00f3n completa para tu negocio y equipo con BASS GROUP HISPANICA SL.","robots":{"index":"index","follow":"follow","max-snippet":"max-snippet:-1","max-image-preview":"max-image-preview:large","max-video-preview":"max-video-preview:-1"},"canonical":"https:\/\/bassgroupseguros.es\/en\/servicios\/seguros-para-autonomos-pymes-y-empresas\/","og_locale":"en_US","og_type":"article","og_title":"Seguros de Salud para Empresas y Aut\u00f3nomos | BASS GROUP","og_description":"Descubre seguros m\u00e9dicos adaptados para aut\u00f3nomos, pymes y empresas. Protecci\u00f3n completa para tu negocio y equipo con BASS GROUP HISPANICA SL.","og_url":"https:\/\/bassgroupseguros.es\/en\/servicios\/seguros-para-autonomos-pymes-y-empresas\/","og_site_name":"Valent\u00edn Protecci\u00f3n Integral","article_modified_time":"2025-06-02T18:16:26+00:00","og_image":[{"width":2560,"height":1708,"url":"https:\/\/bassgroupseguros.es\/wp-content\/uploads\/2025\/04\/adultos-inversionistas-scaled.jpg","type":"image\/jpeg"}],"twitter_card":"summary_large_image","schema":{"@context":"https:\/\/schema.org","@graph":[{"@type":"WebPage","@id":"https:\/\/bassgroupseguros.es\/en\/servicios\/seguros-para-autonomos-pymes-y-empresas\/","url":"https:\/\/bassgroupseguros.es\/en\/servicios\/seguros-para-autonomos-pymes-y-empresas\/","name":"Seguros de Salud para Empresas y Aut\u00f3nomos | BASS GROUP","isPartOf":{"@id":"https:\/\/bassgroupseguros.es\/en\/#website"},"primaryImageOfPage":{"@id":"https:\/\/bassgroupseguros.es\/en\/servicios\/seguros-para-autonomos-pymes-y-empresas\/#primaryimage"},"image":{"@id":"https:\/\/bassgroupseguros.es\/en\/servicios\/seguros-para-autonomos-pymes-y-empresas\/#primaryimage"},"thumbnailUrl":"https:\/\/bassgroupseguros.es\/wp-content\/uploads\/2025\/04\/adultos-inversionistas-scaled.jpg","datePublished":"2025-03-26T22:11:29+00:00","dateModified":"2025-06-02T18:16:26+00:00","description":"Descubre seguros m\u00e9dicos adaptados para aut\u00f3nomos, pymes y empresas. Protecci\u00f3n completa para tu negocio y equipo con BASS GROUP HISPANICA SL.","breadcrumb":{"@id":"https:\/\/bassgroupseguros.es\/en\/servicios\/seguros-para-autonomos-pymes-y-empresas\/#breadcrumb"},"inLanguage":"en-US","potentialAction":[{"@type":"ReadAction","target":["https:\/\/bassgroupseguros.es\/en\/servicios\/seguros-para-autonomos-pymes-y-empresas\/"]}]},{"@type":"ImageObject","inLanguage":"en-US","@id":"https:\/\/bassgroupseguros.es\/en\/servicios\/seguros-para-autonomos-pymes-y-empresas\/#primaryimage","url":"https:\/\/bassgroupseguros.es\/wp-content\/uploads\/2025\/04\/adultos-inversionistas-scaled.jpg","contentUrl":"https:\/\/bassgroupseguros.es\/wp-content\/uploads\/2025\/04\/adultos-inversionistas-scaled.jpg","width":2560,"height":1708},{"@type":"BreadcrumbList","@id":"https:\/\/bassgroupseguros.es\/en\/servicios\/seguros-para-autonomos-pymes-y-empresas\/#breadcrumb","itemListElement":[{"@type":"ListItem","position":1,"name":"Portada","item":"https:\/\/bassgroupseguros.es\/en\/"},{"@type":"ListItem","position":2,"name":"Servicios","item":"https:\/\/bassgroupseguros.es\/en\/servicios\/"},{"@type":"ListItem","position":3,"name":"Para Empresas, Negocios y aut\u00f3nomos"}]},{"@type":"WebSite","@id":"https:\/\/bassgroupseguros.es\/en\/#website","url":"https:\/\/bassgroupseguros.es\/en\/","name":"Valent\u00edn Protecci\u00f3n Integral","description":"","publisher":{"@id":"https:\/\/bassgroupseguros.es\/en\/#organization"},"potentialAction":[{"@type":"SearchAction","target":{"@type":"EntryPoint","urlTemplate":"https:\/\/bassgroupseguros.es\/en\/?s={search_term_string}"},"query-input":{"@type":"PropertyValueSpecification","valueRequired":true,"valueName":"search_term_string"}}],"inLanguage":"en-US"},{"@type":"Organization","@id":"https:\/\/bassgroupseguros.es\/en\/#organization","name":"Valent\u00edn Protecci\u00f3n Integral","url":"https:\/\/bassgroupseguros.es\/en\/","logo":{"@type":"ImageObject","inLanguage":"en-US","@id":"https:\/\/bassgroupseguros.es\/en\/#\/schema\/logo\/image\/","url":"https:\/\/bassgroupseguros.es\/wp-content\/uploads\/2025\/03\/67ced61f676a3_309870028_530164805783809_8898113643461639250_n.png","contentUrl":"https:\/\/bassgroupseguros.es\/wp-content\/uploads\/2025\/03\/67ced61f676a3_309870028_530164805783809_8898113643461639250_n.png","width":588,"height":588,"caption":"Valent\u00edn Protecci\u00f3n Integral"},"image":{"@id":"https:\/\/bassgroupseguros.es\/en\/#\/schema\/logo\/image\/"}}]}},"_links":{"self":[{"href":"https:\/\/bassgroupseguros.es\/en\/wp-json\/wp\/v2\/pages\/427","targetHints":{"allow":["GET"]}}],"collection":[{"href":"https:\/\/bassgroupseguros.es\/en\/wp-json\/wp\/v2\/pages"}],"about":[{"href":"https:\/\/bassgroupseguros.es\/en\/wp-json\/wp\/v2\/types\/page"}],"author":[{"embeddable":true,"href":"https:\/\/bassgroupseguros.es\/en\/wp-json\/wp\/v2\/users\/1"}],"replies":[{"embeddable":true,"href":"https:\/\/bassgroupseguros.es\/en\/wp-json\/wp\/v2\/comments?post=427"}],"version-history":[{"count":7,"href":"https:\/\/bassgroupseguros.es\/en\/wp-json\/wp\/v2\/pages\/427\/revisions"}],"predecessor-version":[{"id":1094,"href":"https:\/\/bassgroupseguros.es\/en\/wp-json\/wp\/v2\/pages\/427\/revisions\/1094"}],"up":[{"embeddable":true,"href":"https:\/\/bassgroupseguros.es\/en\/wp-json\/wp\/v2\/pages\/430"}],"wp:featuredmedia":[{"embeddable":true,"href":"https:\/\/bassgroupseguros.es\/en\/wp-json\/wp\/v2\/media\/741"}],"wp:attachment":[{"href":"https:\/\/bassgroupseguros.es\/en\/wp-json\/wp\/v2\/media?parent=427"}],"curies":[{"name":"wp","href":"https:\/\/api.w.org\/{rel}","templated":true}]}}